{"id":756,"date":"2023-11-19T17:42:30","date_gmt":"2023-11-19T16:42:30","guid":{"rendered":"http:\/\/zamojszczyzna.itapi.pl\/wordpress\/?page_id=756"},"modified":"2023-12-19T12:16:41","modified_gmt":"2023-12-19T11:16:41","slug":"zamojszczyzna-niespokojna-kraina","status":"publish","type":"page","link":"https:\/\/zamojszczyzna.warstwypamieci.pl\/en\/zamojszczyzna-niespokojna-kraina\/","title":{"rendered":"Zamojszczyzna - a restless land"},"content":{"rendered":"<section class=\"wpb-content-wrapper\"><section class=\"vc_section color-white header-footer-section vc_custom_1700214715201 vc_section-has-fill\"><div class=\"vc_row wpb_row vc_row-fluid vc_custom_1700221297299 vc_row-has-fill vc_row-o-equal-height vc_row-o-content-middle vc_row-flex\"><div class=\"wpb_column vc_column_container vc_col-sm-6\"><div class=\"vc_column-inner\"><div class=\"wpb_wrapper\">\n\t<div class=\"wpb_text_column wpb_content_element  vc_custom_1700578262637 header-logo\" >\n\t\t<div class=\"wpb_wrapper\">\n\t\t\t<h1><a href=\"\/en\/\"><img loading=\"lazy\" decoding=\"async\" class=\"alignnone size-full wp-image-48\" src=\"https:\/\/zamojszczyzna.warstwypamieci.pl\/wp-content\/uploads\/2023\/10\/zamojszczyzna-mapa.png\" alt=\"\" width=\"53\" height=\"40\" \/>\u00a0Zamosc region<\/a><\/h1>\n<p>Brutality of the German occupier towards the Polish nation<\/p>\n\n\t\t<\/div>\n\t<\/div>\n<\/div><\/div><\/div><div class=\"header-item wpb_column vc_column_container vc_col-sm-3\"><div class=\"vc_column-inner vc_custom_1700218828430\"><div class=\"wpb_wrapper\">\n\t<div  class=\"wpb_single_image wpb_content_element vc_align_right   warstwy\">\n\t\t\n\t\t<figure class=\"wpb_wrapper vc_figure\">\n\t\t\t<a href=\"https:\/\/warstwypamieci.pl\/\" target=\"_self\" class=\"vc_single_image-wrapper   vc_box_border_grey\"><img loading=\"lazy\" decoding=\"async\" width=\"556\" height=\"74\" src=\"https:\/\/zamojszczyzna.warstwypamieci.pl\/wp-content\/uploads\/2023\/12\/Warstwy-Logo_En.png\" class=\"vc_single_image-img attachment-large\" alt=\"\" title=\"Layers of memory\" \/><\/a>\n\t\t<\/figure>\n\t<\/div>\n<\/div><\/div><\/div><div class=\"header-item wpb_column vc_column_container vc_col-sm-1\"><div class=\"vc_column-inner\"><div class=\"wpb_wrapper\">\n\t<div  class=\"wpb_single_image wpb_content_element vc_align_center  vc_custom_1700219599520  reduta\">\n\t\t\n\t\t<figure class=\"wpb_wrapper vc_figure\">\n\t\t\t<a href=\"https:\/\/rdi.org.pl\/\" target=\"_self\" class=\"vc_single_image-wrapper   vc_box_border_grey\"><img loading=\"lazy\" decoding=\"async\" width=\"318\" height=\"318\" src=\"https:\/\/zamojszczyzna.warstwypamieci.pl\/wp-content\/uploads\/2023\/11\/REDUTAlogo-tradycyjneSmall.png\" class=\"vc_single_image-img attachment-full\" alt=\"\" title=\"REDUTAlogo tradycyjneSmall\" srcset=\"https:\/\/zamojszczyzna.warstwypamieci.pl\/wp-content\/uploads\/2023\/11\/REDUTAlogo-tradycyjneSmall.png 318w, https:\/\/zamojszczyzna.warstwypamieci.pl\/wp-content\/uploads\/2023\/11\/REDUTAlogo-tradycyjneSmall-300x300.png 300w, https:\/\/zamojszczyzna.warstwypamieci.pl\/wp-content\/uploads\/2023\/11\/REDUTAlogo-tradycyjneSmall-150x150.png 150w\" sizes=\"auto, (max-width: 318px) 100vw, 318px\" \/><\/a>\n\t\t<\/figure>\n\t<\/div>\n<\/div><\/div><\/div><div class=\"header-donate header-item wpb_column vc_column_container vc_col-sm-2\"><div class=\"vc_column-inner\"><div class=\"wpb_wrapper\">\n\t<div class=\"wpb_text_column wpb_content_element\" >\n\t\t<div class=\"wpb_wrapper\">\n\t\t\t<p style=\"text-align: center;\"><a href=\"https:\/\/rdi.org.pl\/zostan-darczynca\/\">Support the project<\/a><\/p>\n\n\t\t<\/div>\n\t<\/div>\n<\/div><\/div><\/div><\/div><div class=\"vc_row wpb_row vc_row-fluid color-white nav vc_custom_1700222211878 vc_row-has-fill vc_row-o-equal-height vc_row-o-content-middle vc_row-flex\"><div class=\"wpb_column vc_column_container vc_col-sm-2\"><div class=\"vc_column-inner\"><div class=\"wpb_wrapper\">\n\t<div class=\"wpb_text_column wpb_content_element\" >\n\t\t<div class=\"wpb_wrapper\">\n\t\t\t<p style=\"text-align: left;\"><a href=\"\/en\/\">Home Page<\/a><\/p>\n\n\t\t<\/div>\n\t<\/div>\n<\/div><\/div><\/div><div class=\"wpb_column vc_column_container vc_col-sm-2\"><div class=\"vc_column-inner\"><div class=\"wpb_wrapper\">\n\t<div class=\"wpb_text_column wpb_content_element\" >\n\t\t<div class=\"wpb_wrapper\">\n\t\t\t<p style=\"text-align: left;\"><a href=\"https:\/\/zamojszczyzna.warstwypamieci.pl\/en\/ukazanie-rozmiaru-szkod-mieszkancow-zamojszczyzny\/\">Project Description<\/a><\/p>\n\n\t\t<\/div>\n\t<\/div>\n<\/div><\/div><\/div><div class=\"wpb_column vc_column_container vc_col-sm-2\"><div class=\"vc_column-inner\"><div class=\"wpb_wrapper\">\n\t<div class=\"wpb_text_column wpb_content_element  vc_custom_1700481093018\" >\n\t\t<div class=\"wpb_wrapper\">\n\t\t\t<p style=\"text-align: left;\"><a href=\"https:\/\/zamojszczyzna.warstwypamieci.pl\/en\/prezentacja-wynikow-badan\/\">Methodology<\/a><\/p>\n\n\t\t<\/div>\n\t<\/div>\n<\/div><\/div><\/div><div class=\"wpb_column vc_column_container vc_col-sm-1\"><div class=\"vc_column-inner\"><div class=\"wpb_wrapper\">\n\t<div class=\"wpb_text_column wpb_content_element\" >\n\t\t<div class=\"wpb_wrapper\">\n\t\t\t<p style=\"text-align: left;\"><a href=\"https:\/\/zamojszczyzna.warstwypamieci.pl\/en\/interaktywne-przegladanie-danych\/\">Visualisation<\/a><\/p>\n\n\t\t<\/div>\n\t<\/div>\n<\/div><\/div><\/div><div class=\"wpb_column vc_column_container vc_col-sm-4\"><div class=\"vc_column-inner\"><div class=\"wpb_wrapper\">\n\t<div class=\"wpb_text_column wpb_content_element\" >\n\t\t<div class=\"wpb_wrapper\">\n\t\t\t<p style=\"text-align: right;\"><a href=\"https:\/\/zamojszczyzna.warstwypamieci.pl\/en\/przegladanie-danych-tabelarycznych\/\">Interactive viewing of data<\/a><\/p>\n\n\t\t<\/div>\n\t<\/div>\n<\/div><\/div><\/div><div class=\"wpb_column vc_column_container vc_col-sm-1\"><div class=\"vc_column-inner\"><div class=\"wpb_wrapper\">\n\t<div class=\"wpb_text_column wpb_content_element  login-logout\" >\n\t\t<div class=\"wpb_wrapper\">\n\t\t\t\n\t\t<\/div>\n\t<\/div>\n<\/div><\/div><\/div><\/div><\/section><section class=\"vc_section vc_custom_1698998140849 vc_section-has-fill\"><div class=\"vc_row wpb_row vc_row-fluid vc_custom_1698998267817\"><div class=\"wpb_column vc_column_container vc_col-sm-12\"><div class=\"vc_column-inner\"><div class=\"wpb_wrapper\">\n\t<div class=\"wpb_text_column wpb_content_element  vc_custom_1700412175067\" >\n\t\t<div class=\"wpb_wrapper\">\n\t\t\t<h2>Zamojszczyzna - a restless land<\/h2>\n\n\t\t<\/div>\n\t<\/div>\n<\/div><\/div><\/div><\/div><div class=\"vc_row wpb_row vc_row-fluid vc_custom_1698998118820\"><div class=\"wpb_column vc_column_container vc_col-sm-12\"><div class=\"vc_column-inner\"><div class=\"wpb_wrapper\">\n\t<div class=\"wpb_text_column wpb_content_element  post-content justify-text\" >\n\t\t<div class=\"wpb_wrapper\">\n\t\t\t<!-- wp:paragraph -->\n<p>Zamojszczyzna is a small area in southeastern Poland, whose main bond is that it lies around the historic town of Zamosc, founded by the legendary Polish leader, chancellor and Great Crown Hetman Jan Zamoyjski. Thanks to his activities, the name of this beautiful city, as well as the region, were made famous.&nbsp;<\/p>\n<!-- \/wp:paragraph -->\n\n<!-- wp:paragraph -->\n<p>Nevertheless, the history of Zamojszczyzna dates back to the earliest times, that is, as far back as the eighth century BC. It was probably then that the first man appeared there, who, however, settled in the area only four centuries later. It was then that Zamojszczyzna became an area of agrarian expansion. Initially, people took advantage of the fertility of the local soils, and then focused on animal husbandry.&nbsp;&nbsp;<\/p>\n<!-- \/wp:paragraph -->\n\n<!-- wp:paragraph -->\n<p>Already in the centuries A.D., settlements began to appear in the area in question, which were initially established by the L\u0119dzic people, i.e. Western Slavs, and the Duleb people (even medievalists dispute whether they were Western or Eastern Slavs). These settlements, the most important of which was Czerwie\u0144, were called Czerwie\u0144skie Grody. They were important places, from a strategic point of view, and were alternately part of the Piast and Kiev states. Their end came with the Mongol invasion, which took place in the mid-13th century.&nbsp;<\/p>\n<!-- \/wp:paragraph -->\n\n<!-- wp:paragraph -->\n<p>In the 14th century, Zamojszczyzna witnessed the first devastating war, between rulers seeking to control the area. Poles, Lithuanians and Mongols joined the battle for it. Ultimately, Halich Ruthenia, where Zamojszczyzna was located, was divided between Poland and the Lithuanian duchy, and the region was ruled by Casimir the Great.&nbsp;&nbsp;<\/p>\n<!-- \/wp:paragraph -->\n\n<!-- wp:paragraph -->\n<p>Despite this, for the next few years the Zamojszczyzna region was the axis of dispute between the Polish and Lithuanian rulers. These feuds came to an end during the reign of the aforementioned Hetman Zamojski, who created the Zamojska Ordynacja, covering most of the area of the present Zamojszczyzna. This Hetman created a kind of state within a state, which had its own administration, army, laws, etc. At the same time, he led to the populating of the area, where the population had rarely settled before. Why? This was shown in the following years, when the Zamojszczyzna region was ravaged by Cossacks, Tatars and also other nations warring against the Republic.&nbsp;<\/p>\n<!-- \/wp:paragraph -->\n\n<!-- wp:paragraph -->\n<p>After the First Partition of Poland, the Zamojszczyzna region came under the rule of the Austrian Emperor, who created from the area the so-called Be\u0142sk Circula (an administrative unit in Eastern Galicia) and then the Zamojska Circula. The latter was incorporated in 1809 into the Duchy of Warsaw, created by Napoleon Bonaparte, which after the latter's defeat was renamed the Kingdom of Poland, completely dependent on Czarist Russia. Thus, an independence underground began to operate in the Zamojszczyzna region. The peak of its activity came in the second half of the 19th century. At that time, for example, the January Uprising broke out, during which patriotic units fought against the Russians, for example, at Jozefow, Krasnobrod or Panasowka.&nbsp;<\/p>\n<!-- \/wp:paragraph -->\n\n<!-- wp:paragraph -->\n<p>The uprising ended in defeat and many Zamojszczyzna residents suffered from tsarist repression. The situation was no better during World War I. The region in question witnessed Austro-Russian fighting that wreaked havoc. As a result of the war, many towns and villages were destroyed, while hundreds of people died, whether from fighting, starvation as well as epidemics and disease.&nbsp;&nbsp;<\/p>\n<!-- \/wp:paragraph -->\n\n<!-- wp:paragraph -->\n<p>The year 1918 did not bring the desired peace to the Zamosc region. This is because the area was the scene of battles between Polish and Bolshevik troops. Leading the way there was the notorious 1st Horse Army, commanded by Semyon Budyonny. Fortunately, the Poles faced it first at Komarow and then at Zamosc, both of which took place in 1920.&nbsp;<\/p>\n<!-- \/wp:paragraph -->\n\n<!-- wp:paragraph -->\n<p>When the military situation finally calmed down, the people of Zamosc had to face the main problem of the Second Republic - the weak economy, which had just begun to develop. Indeed, there were no large-scale factories in Zamojszczyzna. It was a typically agricultural area, but it was severely backward. Thus, Poles were not competitive for anyone. In addition, the ethnic diversity of the area was also a significant problem, i.e. a large percentage of Zamojszczyzna's residents were Ukrainians.&nbsp;<\/p>\n<!-- \/wp:paragraph -->\n\n\t\t<\/div>\n\t<\/div>\n<\/div><\/div><\/div><\/div><div class=\"vc_row wpb_row vc_row-fluid\"><div class=\"wpb_column vc_column_container vc_col-sm-12\"><div class=\"vc_column-inner\"><div class=\"wpb_wrapper\">\n\t<div class=\"wpb_text_column wpb_content_element\" >\n\t\t<div class=\"wpb_wrapper\">\n\t\t\t<p>Read more:<\/p>\n<p>&nbsp;<\/p>\n\n\t\t<\/div>\n\t<\/div>\n\n\t<div class=\"wpb_text_column wpb_content_element  vc_custom_1700491631609 color-blue\" >\n\t\t<div class=\"wpb_wrapper\">\n\t\t\t<p style=\"text-align: left;\"><strong><a href=\"https:\/\/zamojszczyzna.warstwypamieci.pl\/en\/zamojszczyzna-niespokojna-kraina\/\">Zamojszczyzna - a restless land<\/a><\/strong><\/p>\n<p>&nbsp;<\/p>\n<p><strong><a href=\"https:\/\/zamojszczyzna.warstwypamieci.pl\/en\/wybuch-wojny\/\">Outbreak of war<\/a><\/strong><\/p>\n<p>&nbsp;<\/p>\n<p><strong><a href=\"https:\/\/zamojszczyzna.warstwypamieci.pl\/en\/generalny-plan-wschodni\/\">General Plan East<\/a><\/strong><\/p>\n<p>&nbsp;<\/p>\n<p><strong><a href=\"https:\/\/zamojszczyzna.warstwypamieci.pl\/en\/aktion-zamosc\/\">\u201eAktion Zamosc\u201d<\/a><\/strong><\/p>\n<p>&nbsp;<\/p>\n<p><strong><a href=\"https:\/\/zamojszczyzna.warstwypamieci.pl\/en\/powstanie-zamojskie\/\">The Zamosc Uprising<\/a><\/strong><\/p>\n<p>&nbsp;<\/p>\n<p><strong><a href=\"https:\/\/zamojszczyzna.warstwypamieci.pl\/en\/dzieci-zamojszczyzny\/\">Children of Zamojszczyzna<\/a><\/strong><\/p>\n<p>&nbsp;<\/p>\n\n\t\t<\/div>\n\t<\/div>\n<\/div><\/div><\/div><\/div><\/section><section class=\"vc_section header-footer-section footer vc_custom_1700659074831 vc_section-has-fill\"><div class=\"vc_row wpb_row vc_row-fluid vc_custom_1698921329725 vc_row-o-content-top vc_row-flex\"><div class=\"color-white wpb_column vc_column_container vc_col-sm-6\"><div class=\"vc_column-inner\"><div class=\"wpb_wrapper\">\n\t<div class=\"wpb_text_column wpb_content_element  vc_custom_1700659137882 header-logo footer-logo\" >\n\t\t<div class=\"wpb_wrapper\">\n\t\t\t<h1><a href=\"\/en\/\"><img loading=\"lazy\" decoding=\"async\" class=\"alignnone size-full wp-image-48\" src=\"https:\/\/zamojszczyzna.warstwypamieci.pl\/wp-content\/uploads\/2023\/10\/zamojszczyzna-mapa.png\" alt=\"\" width=\"53\" height=\"40\" \/>\u00a0Zamosc region<\/a><\/h1>\n<p>Brutality of the German occupier towards the Polish nation<\/p>\n\n\t\t<\/div>\n\t<\/div>\n<\/div><\/div><\/div><div class=\"wpb_column vc_column_container vc_col-sm-1\"><div class=\"vc_column-inner\"><div class=\"wpb_wrapper\"><\/div><\/div><\/div><div class=\"wpb_column vc_column_container vc_col-sm-5\"><div class=\"vc_column-inner vc_custom_1700220050809\"><div class=\"wpb_wrapper\">\n\t<div class=\"wpb_text_column wpb_content_element  vc_custom_1700658906875\" >\n\t\t<div class=\"wpb_wrapper\">\n\t\t\t<p style=\"text-align: center;\">Project financed from the state budget under the program of the \nMinistry of Education and Science called \"Science for Society\"<br \/>\nproject number NdS\/545251\/2022\/2022<\/p>\n\n\t\t<\/div>\n\t<\/div>\n\n\t<div  class=\"wpb_single_image wpb_content_element vc_align_center   logo-reduta-footer\">\n\t\t\n\t\t<figure class=\"wpb_wrapper vc_figure\">\n\t\t\t<a href=\"https:\/\/www.gov.pl\/web\/edukacja-i-nauka\" target=\"_self\" class=\"vc_single_image-wrapper   vc_box_border_grey\"><img loading=\"lazy\" decoding=\"async\" width=\"216\" height=\"87\" src=\"https:\/\/zamojszczyzna.warstwypamieci.pl\/wp-content\/uploads\/2023\/12\/01_znak_podstawowy_kolor_biale_tlo_ang_male_2.png\" class=\"vc_single_image-img attachment-full\" alt=\"\" title=\"ministerstwo-edukacji\" \/><\/a>\n\t\t<\/figure>\n\t<\/div>\n<\/div><\/div><\/div><\/div><div class=\"vc_row wpb_row vc_row-fluid vc_row-o-content-bottom vc_row-flex\"><div class=\"color-white wpb_column vc_column_container vc_col-sm-1\"><div class=\"vc_column-inner\"><div class=\"wpb_wrapper\"><\/div><\/div><\/div><div class=\"color-white wpb_column vc_column_container vc_col-sm-6\"><div class=\"vc_column-inner\"><div class=\"wpb_wrapper\">\n\t<div class=\"wpb_text_column wpb_content_element  vc_custom_1702984598044\" >\n\t\t<div class=\"wpb_wrapper\">\n\t\t\t<p><a target=\"_blank\" href=\"https:\/\/play.google.com\/store\/apps\/details?id=io.cordova.zamojszczyzna\" rel=\"noopener\">Mobile App<\/a><\/p>\n<p>&nbsp;<\/p>\n<p><a href=\"https:\/\/rdi.org.pl\/kontakt\/\">Contact<\/a><\/p>\n<p>&nbsp;<\/p>\n<p><a class=\"popmake-1018\">Ask a question<\/a><\/p>\n<p>&nbsp;<\/p>\n<p><a href=\"https:\/\/rdi.org.pl\/zostan-darczynca\/\">Support us<\/a><\/p>\n<p>&nbsp;<\/p>\n<p><a href=\"https:\/\/zamojszczyzna.warstwypamieci.pl\/en\/informacje-prawne\/\">Legal information<\/a><\/p>\n\n\t\t<\/div>\n\t<\/div>\n<\/div><\/div><\/div><div class=\"wpb_column vc_column_container vc_col-sm-5\"><div class=\"vc_column-inner\"><div class=\"wpb_wrapper\">\n\t<div class=\"wpb_text_column wpb_content_element  vc_custom_1699351568407\" >\n\t\t<div class=\"wpb_wrapper\">\n\t\t\t<p style=\"text-align: center;\">Polish individual reparations from the German state for crimes undertaken by the Germans<\/p>\n\n\t\t<\/div>\n\t<\/div>\n\n\t<div  class=\"wpb_single_image wpb_content_element vc_align_center  vc_custom_1700221895920  logo-reduta-footer\">\n\t\t\n\t\t<figure class=\"wpb_wrapper vc_figure\">\n\t\t\t<a href=\"https:\/\/rdi.org.pl\/\" target=\"_self\" class=\"vc_single_image-wrapper   vc_box_border_grey\"><img loading=\"lazy\" decoding=\"async\" width=\"150\" height=\"150\" src=\"https:\/\/zamojszczyzna.warstwypamieci.pl\/wp-content\/uploads\/2023\/11\/REDUTAlogo-tradycyjneSmall-150x150.png\" class=\"vc_single_image-img attachment-thumbnail\" alt=\"\" title=\"REDUTAlogo tradycyjneSmall\" srcset=\"https:\/\/zamojszczyzna.warstwypamieci.pl\/wp-content\/uploads\/2023\/11\/REDUTAlogo-tradycyjneSmall-150x150.png 150w, https:\/\/zamojszczyzna.warstwypamieci.pl\/wp-content\/uploads\/2023\/11\/REDUTAlogo-tradycyjneSmall-300x300.png 300w, https:\/\/zamojszczyzna.warstwypamieci.pl\/wp-content\/uploads\/2023\/11\/REDUTAlogo-tradycyjneSmall.png 318w\" sizes=\"auto, (max-width: 150px) 100vw, 150px\" \/><\/a>\n\t\t<\/figure>\n\t<\/div>\n<\/div><\/div><\/div><\/div><\/section>\n<\/section>","protected":false},"excerpt":{"rendered":"\u00a0Zamojszczyzna Brutalno\u015b\u0107 niemieckiego okupanta wobec Narodu Polskiego Wesprzyj projekt\u00a0 \u00a0 \u00a0 + Strona g\u0142\u00f3wna Opis Projektu Metodologia Wizualizacja Interaktywne przegl\u0105danie danych Zamojszczyzna &#8211; niespokojna kraina Zamojszczyzna to niewielki obszar na terenie po\u0142udniowo-wschodniej Polski, kt\u00f3rego g\u0142\u00f3wnym spoiwem jest to, \u017ce le\u017cy wok\u00f3\u0142 historycznego miasta Zamo\u015bcia, za\u0142o\u017conego przez legendarnego polskiego wodza, kanclerza i hetmana wielkiego koronnego Jana [...]","protected":false},"author":2,"featured_media":0,"parent":0,"menu_order":0,"comment_status":"closed","ping_status":"closed","template":"","meta":{"footnotes":""},"class_list":["post-756","page","type-page","status-publish","hentry"],"_links":{"self":[{"href":"https:\/\/zamojszczyzna.warstwypamieci.pl\/en\/wp-json\/wp\/v2\/pages\/756","targetHints":{"allow":["GET"]}}],"collection":[{"href":"https:\/\/zamojszczyzna.warstwypamieci.pl\/en\/wp-json\/wp\/v2\/pages"}],"about":[{"href":"https:\/\/zamojszczyzna.warstwypamieci.pl\/en\/wp-json\/wp\/v2\/types\/page"}],"author":[{"embeddable":true,"href":"https:\/\/zamojszczyzna.warstwypamieci.pl\/en\/wp-json\/wp\/v2\/users\/2"}],"replies":[{"embeddable":true,"href":"https:\/\/zamojszczyzna.warstwypamieci.pl\/en\/wp-json\/wp\/v2\/comments?post=756"}],"version-history":[{"count":12,"href":"https:\/\/zamojszczyzna.warstwypamieci.pl\/en\/wp-json\/wp\/v2\/pages\/756\/revisions"}],"predecessor-version":[{"id":1120,"href":"https:\/\/zamojszczyzna.warstwypamieci.pl\/en\/wp-json\/wp\/v2\/pages\/756\/revisions\/1120"}],"wp:attachment":[{"href":"https:\/\/zamojszczyzna.warstwypamieci.pl\/en\/wp-json\/wp\/v2\/media?parent=756"}],"curies":[{"name":"wp","href":"https:\/\/api.w.org\/{rel}","templated":true}]}}