{"id":233,"date":"2023-11-03T09:28:49","date_gmt":"2023-11-03T08:28:49","guid":{"rendered":"http:\/\/zamojszczyzna.itapi.pl\/wordpress\/?page_id=233"},"modified":"2023-12-19T12:15:03","modified_gmt":"2023-12-19T11:15:03","slug":"logowanie","status":"publish","type":"page","link":"https:\/\/zamojszczyzna.warstwypamieci.pl\/en\/logowanie\/","title":{"rendered":"Logowanie"},"content":{"rendered":"<section class=\"wpb-content-wrapper\"><section class=\"vc_section color-white header-footer-section vc_custom_1700214715201 vc_section-has-fill\"><div class=\"vc_row wpb_row vc_row-fluid vc_custom_1700221297299 vc_row-has-fill vc_row-o-equal-height vc_row-o-content-middle vc_row-flex\"><div class=\"wpb_column vc_column_container vc_col-sm-6\"><div class=\"vc_column-inner\"><div class=\"wpb_wrapper\">\n\t<div class=\"wpb_text_column wpb_content_element  vc_custom_1700578198510 header-logo\" >\n\t\t<div class=\"wpb_wrapper\">\n\t\t\t<h1><a href=\"\/en\/\"><img loading=\"lazy\" decoding=\"async\" class=\"alignnone size-full wp-image-48\" src=\"https:\/\/zamojszczyzna.warstwypamieci.pl\/wp-content\/uploads\/2023\/10\/zamojszczyzna-mapa.png\" alt=\"\" width=\"53\" height=\"40\" \/>\u00a0Zamosc region<\/a><\/h1>\n<p>Brutality of the German occupier towards the Polish nation<\/p>\n\n\t\t<\/div>\n\t<\/div>\n<\/div><\/div><\/div><div class=\"header-item wpb_column vc_column_container vc_col-sm-3\"><div class=\"vc_column-inner vc_custom_1700218828430\"><div class=\"wpb_wrapper\">\n\t<div  class=\"wpb_single_image wpb_content_element vc_align_right   warstwy\">\n\t\t\n\t\t<figure class=\"wpb_wrapper vc_figure\">\n\t\t\t<a href=\"https:\/\/warstwypamieci.pl\/\" target=\"_self\" class=\"vc_single_image-wrapper   vc_box_border_grey\"><img loading=\"lazy\" decoding=\"async\" width=\"556\" height=\"74\" src=\"https:\/\/zamojszczyzna.warstwypamieci.pl\/wp-content\/uploads\/2023\/12\/Warstwy-Logo_En.png\" class=\"vc_single_image-img attachment-large\" alt=\"\" title=\"Layers of memory\" \/><\/a>\n\t\t<\/figure>\n\t<\/div>\n<\/div><\/div><\/div><div class=\"header-item wpb_column vc_column_container vc_col-sm-1\"><div class=\"vc_column-inner\"><div class=\"wpb_wrapper\">\n\t<div  class=\"wpb_single_image wpb_content_element vc_align_center  vc_custom_1700219599520  reduta\">\n\t\t\n\t\t<figure class=\"wpb_wrapper vc_figure\">\n\t\t\t<a href=\"https:\/\/rdi.org.pl\/\" target=\"_self\" class=\"vc_single_image-wrapper   vc_box_border_grey\"><img loading=\"lazy\" decoding=\"async\" width=\"318\" height=\"318\" src=\"https:\/\/zamojszczyzna.warstwypamieci.pl\/wp-content\/uploads\/2023\/11\/REDUTAlogo-tradycyjneSmall.png\" class=\"vc_single_image-img attachment-full\" alt=\"\" title=\"REDUTAlogo tradycyjneSmall\" srcset=\"https:\/\/zamojszczyzna.warstwypamieci.pl\/wp-content\/uploads\/2023\/11\/REDUTAlogo-tradycyjneSmall.png 318w, https:\/\/zamojszczyzna.warstwypamieci.pl\/wp-content\/uploads\/2023\/11\/REDUTAlogo-tradycyjneSmall-300x300.png 300w, https:\/\/zamojszczyzna.warstwypamieci.pl\/wp-content\/uploads\/2023\/11\/REDUTAlogo-tradycyjneSmall-150x150.png 150w\" sizes=\"auto, (max-width: 318px) 100vw, 318px\" \/><\/a>\n\t\t<\/figure>\n\t<\/div>\n<\/div><\/div><\/div><div class=\"header-donate header-item wpb_column vc_column_container vc_col-sm-2\"><div class=\"vc_column-inner\"><div class=\"wpb_wrapper\">\n\t<div class=\"wpb_text_column wpb_content_element\" >\n\t\t<div class=\"wpb_wrapper\">\n\t\t\t<p style=\"text-align: center;\"><a href=\"https:\/\/rdi.org.pl\/zostan-darczynca\/\">Support the project<\/a><\/p>\n\n\t\t<\/div>\n\t<\/div>\n<\/div><\/div><\/div><\/div><div class=\"vc_row wpb_row vc_row-fluid color-white nav vc_custom_1700222211878 vc_row-has-fill vc_row-o-equal-height vc_row-o-content-middle vc_row-flex\"><div class=\"wpb_column vc_column_container vc_col-sm-2\"><div class=\"vc_column-inner\"><div class=\"wpb_wrapper\">\n\t<div class=\"wpb_text_column wpb_content_element\" >\n\t\t<div class=\"wpb_wrapper\">\n\t\t\t<p style=\"text-align: left;\"><a href=\"\/en\/\">Home Page<\/a><\/p>\n\n\t\t<\/div>\n\t<\/div>\n<\/div><\/div><\/div><div class=\"wpb_column vc_column_container vc_col-sm-2\"><div class=\"vc_column-inner\"><div class=\"wpb_wrapper\">\n\t<div class=\"wpb_text_column wpb_content_element\" >\n\t\t<div class=\"wpb_wrapper\">\n\t\t\t<p style=\"text-align: left;\"><a href=\"https:\/\/zamojszczyzna.warstwypamieci.pl\/en\/ukazanie-rozmiaru-szkod-mieszkancow-zamojszczyzny\/\">Project Description<\/a><\/p>\n\n\t\t<\/div>\n\t<\/div>\n<\/div><\/div><\/div><div class=\"wpb_column vc_column_container vc_col-sm-2\"><div class=\"vc_column-inner\"><div class=\"wpb_wrapper\">\n\t<div class=\"wpb_text_column wpb_content_element  vc_custom_1700481093018\" >\n\t\t<div class=\"wpb_wrapper\">\n\t\t\t<p style=\"text-align: left;\"><a href=\"https:\/\/zamojszczyzna.warstwypamieci.pl\/en\/prezentacja-wynikow-badan\/\">Methodology<\/a><\/p>\n\n\t\t<\/div>\n\t<\/div>\n<\/div><\/div><\/div><div class=\"wpb_column vc_column_container vc_col-sm-1\"><div class=\"vc_column-inner\"><div class=\"wpb_wrapper\">\n\t<div class=\"wpb_text_column wpb_content_element\" >\n\t\t<div class=\"wpb_wrapper\">\n\t\t\t<p style=\"text-align: left;\"><a href=\"https:\/\/zamojszczyzna.warstwypamieci.pl\/en\/interaktywne-przegladanie-danych\/\">Visualisation<\/a><\/p>\n\n\t\t<\/div>\n\t<\/div>\n<\/div><\/div><\/div><div class=\"wpb_column vc_column_container vc_col-sm-4\"><div class=\"vc_column-inner\"><div class=\"wpb_wrapper\">\n\t<div class=\"wpb_text_column wpb_content_element\" >\n\t\t<div class=\"wpb_wrapper\">\n\t\t\t<p style=\"text-align: right;\"><a href=\"https:\/\/zamojszczyzna.warstwypamieci.pl\/en\/przegladanie-danych-tabelarycznych\/\">Interactive viewing of data<\/a><\/p>\n\n\t\t<\/div>\n\t<\/div>\n<\/div><\/div><\/div><div class=\"wpb_column vc_column_container vc_col-sm-1\"><div class=\"vc_column-inner\"><div class=\"wpb_wrapper\">\n\t<div class=\"wpb_text_column wpb_content_element  login-logout active-nav\" >\n\t\t<div class=\"wpb_wrapper\">\n\t\t\t\n\t\t<\/div>\n\t<\/div>\n<\/div><\/div><\/div><\/div><\/section><section class=\"vc_section vc_custom_1699001524163 vc_section-has-fill\"><div class=\"vc_row wpb_row vc_row-fluid\"><div class=\"wpb_column vc_column_container vc_col-sm-12\"><div class=\"vc_column-inner\"><div class=\"wpb_wrapper\">\n\t<div class=\"wpb_text_column wpb_content_element\" >\n\t\t<div class=\"wpb_wrapper\">\n\t\t\t<h2 style=\"text-align: center;\">Login<\/h2>\n\n\t\t<\/div>\n\t<\/div>\n<\/div><\/div><\/div><\/div><div class=\"vc_row wpb_row vc_row-fluid\"><div class=\"wpb_column vc_column_container vc_col-sm-2\"><div class=\"vc_column-inner\"><div class=\"wpb_wrapper\"><\/div><\/div><\/div><div class=\"wpb_column vc_column_container vc_col-sm-8\"><div class=\"vc_column-inner\"><div class=\"wpb_wrapper\">\n\t<div class=\"wpb_raw_code wpb_content_element wpb_raw_html vc_custom_1699436470523\" >\n\t\t<div class=\"wpb_wrapper\">\n\t\t\t\n<div class=\"um um-login um-403\">\n\t<div class=\"um-form\">\n\t\t<form method=\"post\" action=\"\" autocomplete=\"off\" data-trp-original-action=\"\">\n\t\t\t<div class=\"um-row _um_row_1\" style=\"margin: 0 0 30px 0;\"><div class=\"um-col-1\"><div  id=\"um_field_403_username\" class=\"um-field um-field-text  um-field-username um-field-text um-field-type_text\" data-key=\"username\"><div class=\"um-field-label\"><label for=\"username-403\">Username or E-mail<\/label><div class=\"um-clear\"><\/div><\/div><div class=\"um-field-area\"><input  autocomplete=\"off\" class=\"um-form-field valid\" type=\"text\" name=\"username-403\" id=\"username-403\" value=\"\" placeholder=\"\" data-validate=\"unique_username_or_email\" data-key=\"username\"  aria-invalid=\"false\" \/>\n\n\t\t\t\t\t\t<\/div><\/div><div  id=\"um_field_403_user_password\" class=\"um-field um-field-password  um-field-user_password um-field-password um-field-type_password\" data-key=\"user_password\"><div class=\"um-field-label\"><label for=\"user_password-403\">Password<\/label><div class=\"um-clear\"><\/div><\/div><div class=\"um-field-area\"><input class=\"um-form-field valid\" type=\"password\" name=\"user_password-403\" id=\"user_password-403\" value=\"\" placeholder=\"\" data-validate=\"\" data-key=\"user_password\"  aria-invalid=\"false\" \/>\n\n\t\t\t\t\t\t\t<\/div><\/div><\/div><\/div>\t\t<input type=\"hidden\" name=\"form_id\" id=\"form_id_403\" value=\"403\" \/>\n\t\n\t<p class=\"um_request_name\">\n\t\t<label for=\"um_request_403\">Only fill in if you are not human<\/label>\n\t\t<input type=\"hidden\" name=\"um_request\" id=\"um_request_403\" class=\"input\" value=\"\" size=\"25\" autocomplete=\"off\" \/>\n\t<\/p>\n\n\t<input type=\"hidden\" name=\"redirect_to\" id=\"redirect_to\" value=\"\/\" \/><input type=\"hidden\" id=\"_wpnonce\" name=\"_wpnonce\" value=\"8aee01af9f\" \/><input type=\"hidden\" name=\"_wp_http_referer\" value=\"\/en\/wp-json\/wp\/v2\/pages\/233\" \/>\n\t<div class=\"um-col-alt\">\n\n\t\t\n\n\t\t\t<div class=\"um-field um-field-c\">\n\t\t\t\t<div class=\"um-field-area\">\n\t\t\t\t\t<label class=\"um-field-checkbox\">\n\t\t\t\t\t\t<input type=\"checkbox\" name=\"rememberme\" value=\"1\"  \/>\n\t\t\t\t\t\t<span class=\"um-field-checkbox-state\"><i class=\"um-icon-android-checkbox-outline-blank\"><\/i><\/span>\n\t\t\t\t\t\t<span class=\"um-field-checkbox-option\"> Keep me signed in<\/span>\n\t\t\t\t\t<\/label>\n\t\t\t\t<\/div>\n\t\t\t<\/div>\n\n\t\t\t\t\t\t<div class=\"um-clear\"><\/div>\n\t\t\n\t\t\t<div class=\"um-left um-half\">\n\t\t\t\t<input type=\"submit\" value=\"Login\" class=\"um-button\" id=\"um-submit-btn\" \/>\n\t\t\t<\/div>\n\t\t\t<div class=\"um-right um-half\">\n\t\t\t\t<a href=\"https:\/\/zamojszczyzna.warstwypamieci.pl\/en\/rejestracja\/\" class=\"um-button um-alt\">\n\t\t\t\t\tZarejestruj si\u0119\t\t\t\t<\/a>\n\t\t\t<\/div>\n\n\t\t\n\t\t<div class=\"um-clear\"><\/div>\n\n\t<\/div>\n\n\t\t\t<input type=\"hidden\" name=\"trp-form-language\" value=\"en\"\/><\/form>\n\t<\/div>\n<\/div>\n<style>\n\t\t\t.um-403.um {\n\t\t\tmax-width: 450px;\n\t\t}\n\t\t<\/style>\n\n\t\t<\/div>\n\t<\/div>\n<\/div><\/div><\/div><div class=\"wpb_column vc_column_container vc_col-sm-2\"><div class=\"vc_column-inner\"><div class=\"wpb_wrapper\"><\/div><\/div><\/div><\/div><\/section><section class=\"vc_section header-footer-section footer vc_custom_1700659074831 vc_section-has-fill\"><div class=\"vc_row wpb_row vc_row-fluid vc_custom_1698921329725 vc_row-o-content-top vc_row-flex\"><div class=\"color-white wpb_column vc_column_container vc_col-sm-6\"><div class=\"vc_column-inner\"><div class=\"wpb_wrapper\">\n\t<div class=\"wpb_text_column wpb_content_element  vc_custom_1700659137882 header-logo footer-logo\" >\n\t\t<div class=\"wpb_wrapper\">\n\t\t\t<h1><a href=\"\/en\/\"><img loading=\"lazy\" decoding=\"async\" class=\"alignnone size-full wp-image-48\" src=\"https:\/\/zamojszczyzna.warstwypamieci.pl\/wp-content\/uploads\/2023\/10\/zamojszczyzna-mapa.png\" alt=\"\" width=\"53\" height=\"40\" \/>\u00a0Zamosc region<\/a><\/h1>\n<p>Brutality of the German occupier towards the Polish nation<\/p>\n\n\t\t<\/div>\n\t<\/div>\n<\/div><\/div><\/div><div class=\"wpb_column vc_column_container vc_col-sm-1\"><div class=\"vc_column-inner\"><div class=\"wpb_wrapper\"><\/div><\/div><\/div><div class=\"wpb_column vc_column_container vc_col-sm-5\"><div class=\"vc_column-inner vc_custom_1700220050809\"><div class=\"wpb_wrapper\">\n\t<div class=\"wpb_text_column wpb_content_element  vc_custom_1700658906875\" >\n\t\t<div class=\"wpb_wrapper\">\n\t\t\t<p style=\"text-align: center;\">Project financed from the state budget under the program of the \nMinistry of Education and Science called \"Science for Society\"<br \/>\nproject number NdS\/545251\/2022\/2022<\/p>\n\n\t\t<\/div>\n\t<\/div>\n\n\t<div  class=\"wpb_single_image wpb_content_element vc_align_center   logo-reduta-footer\">\n\t\t\n\t\t<figure class=\"wpb_wrapper vc_figure\">\n\t\t\t<a href=\"https:\/\/www.gov.pl\/web\/edukacja-i-nauka\" target=\"_self\" class=\"vc_single_image-wrapper   vc_box_border_grey\"><img loading=\"lazy\" decoding=\"async\" width=\"216\" height=\"87\" src=\"https:\/\/zamojszczyzna.warstwypamieci.pl\/wp-content\/uploads\/2023\/12\/01_znak_podstawowy_kolor_biale_tlo_ang_male_2.png\" class=\"vc_single_image-img attachment-full\" alt=\"\" title=\"ministerstwo-edukacji\" \/><\/a>\n\t\t<\/figure>\n\t<\/div>\n<\/div><\/div><\/div><\/div><div class=\"vc_row wpb_row vc_row-fluid vc_row-o-content-bottom vc_row-flex\"><div class=\"color-white wpb_column vc_column_container vc_col-sm-1\"><div class=\"vc_column-inner\"><div class=\"wpb_wrapper\"><\/div><\/div><\/div><div class=\"color-white wpb_column vc_column_container vc_col-sm-6\"><div class=\"vc_column-inner\"><div class=\"wpb_wrapper\">\n\t<div class=\"wpb_text_column wpb_content_element  vc_custom_1702984501598\" >\n\t\t<div class=\"wpb_wrapper\">\n\t\t\t<p><a target=\"_blank\" href=\"https:\/\/play.google.com\/store\/apps\/details?id=io.cordova.zamojszczyzna\" rel=\"noopener\">Mobile App<\/a><\/p>\n<p>&nbsp;<\/p>\n<p><a href=\"https:\/\/rdi.org.pl\/kontakt\/\">Contact<\/a><\/p>\n<p>&nbsp;<\/p>\n<p><a class=\"popmake-1018\">Ask a question<\/a><\/p>\n<p>&nbsp;<\/p>\n<p><a href=\"https:\/\/rdi.org.pl\/zostan-darczynca\/\">Support us<\/a><\/p>\n<p>&nbsp;<\/p>\n<p><a href=\"https:\/\/zamojszczyzna.warstwypamieci.pl\/en\/informacje-prawne\/\">Legal information<\/a><\/p>\n\n\t\t<\/div>\n\t<\/div>\n<\/div><\/div><\/div><div class=\"wpb_column vc_column_container vc_col-sm-5\"><div class=\"vc_column-inner\"><div class=\"wpb_wrapper\">\n\t<div class=\"wpb_text_column wpb_content_element  vc_custom_1699351568407\" >\n\t\t<div class=\"wpb_wrapper\">\n\t\t\t<p style=\"text-align: center;\">Polish individual reparations from the German state for crimes undertaken by the Germans<\/p>\n\n\t\t<\/div>\n\t<\/div>\n\n\t<div  class=\"wpb_single_image wpb_content_element vc_align_center  vc_custom_1700221895920  logo-reduta-footer\">\n\t\t\n\t\t<figure class=\"wpb_wrapper vc_figure\">\n\t\t\t<a href=\"https:\/\/rdi.org.pl\/\" target=\"_self\" class=\"vc_single_image-wrapper   vc_box_border_grey\"><img loading=\"lazy\" decoding=\"async\" width=\"150\" height=\"150\" src=\"https:\/\/zamojszczyzna.warstwypamieci.pl\/wp-content\/uploads\/2023\/11\/REDUTAlogo-tradycyjneSmall-150x150.png\" class=\"vc_single_image-img attachment-thumbnail\" alt=\"\" title=\"REDUTAlogo tradycyjneSmall\" srcset=\"https:\/\/zamojszczyzna.warstwypamieci.pl\/wp-content\/uploads\/2023\/11\/REDUTAlogo-tradycyjneSmall-150x150.png 150w, https:\/\/zamojszczyzna.warstwypamieci.pl\/wp-content\/uploads\/2023\/11\/REDUTAlogo-tradycyjneSmall-300x300.png 300w, https:\/\/zamojszczyzna.warstwypamieci.pl\/wp-content\/uploads\/2023\/11\/REDUTAlogo-tradycyjneSmall.png 318w\" sizes=\"auto, (max-width: 150px) 100vw, 150px\" \/><\/a>\n\t\t<\/figure>\n\t<\/div>\n<\/div><\/div><\/div><\/div><\/section>\n<\/section>","protected":false},"excerpt":{"rendered":"\u00a0Zamojszczyzna Brutalno\u015b\u0107 niemieckiego okupanta wobec Narodu Polskiego Wesprzyj projekt\u00a0 \u00a0 \u00a0 + Strona g\u0142\u00f3wna Opis Projektu Metodologia Wizualizacja Interaktywne przegl\u0105danie danych Zaloguj si\u0119 Username or E-mail Password Only fill in if you are not human Keep me signed in Zarejestruj si\u0119 \u00a0Zamojszczyzna Brutalno\u015b\u0107 niemieckiego okupanta wobec Narodu Polskiego Praca naukowa finansowana ze \u015brodk\u00f3w bud\u017cetu pa\u0144stwa [...]","protected":false},"author":2,"featured_media":0,"parent":0,"menu_order":0,"comment_status":"closed","ping_status":"closed","template":"","meta":{"footnotes":""},"class_list":["post-233","page","type-page","status-publish","hentry"],"_links":{"self":[{"href":"https:\/\/zamojszczyzna.warstwypamieci.pl\/en\/wp-json\/wp\/v2\/pages\/233","targetHints":{"allow":["GET"]}}],"collection":[{"href":"https:\/\/zamojszczyzna.warstwypamieci.pl\/en\/wp-json\/wp\/v2\/pages"}],"about":[{"href":"https:\/\/zamojszczyzna.warstwypamieci.pl\/en\/wp-json\/wp\/v2\/types\/page"}],"author":[{"embeddable":true,"href":"https:\/\/zamojszczyzna.warstwypamieci.pl\/en\/wp-json\/wp\/v2\/users\/2"}],"replies":[{"embeddable":true,"href":"https:\/\/zamojszczyzna.warstwypamieci.pl\/en\/wp-json\/wp\/v2\/comments?post=233"}],"version-history":[{"count":34,"href":"https:\/\/zamojszczyzna.warstwypamieci.pl\/en\/wp-json\/wp\/v2\/pages\/233\/revisions"}],"predecessor-version":[{"id":1113,"href":"https:\/\/zamojszczyzna.warstwypamieci.pl\/en\/wp-json\/wp\/v2\/pages\/233\/revisions\/1113"}],"wp:attachment":[{"href":"https:\/\/zamojszczyzna.warstwypamieci.pl\/en\/wp-json\/wp\/v2\/media?parent=233"}],"curies":[{"name":"wp","href":"https:\/\/api.w.org\/{rel}","templated":true}]}}