{"id":180,"date":"2023-11-02T14:14:38","date_gmt":"2023-11-02T13:14:38","guid":{"rendered":"http:\/\/zamojszczyzna.itapi.pl\/wordpress\/?page_id=180"},"modified":"2023-12-19T12:15:42","modified_gmt":"2023-12-19T11:15:42","slug":"prezentacja-wynikow-badan","status":"publish","type":"page","link":"https:\/\/zamojszczyzna.warstwypamieci.pl\/en\/prezentacja-wynikow-badan\/","title":{"rendered":"Prezentacja wynik\u00f3w bada\u0144"},"content":{"rendered":"<section class=\"wpb-content-wrapper\"><section class=\"vc_section color-white header-footer-section vc_custom_1700214715201 vc_section-has-fill\"><div class=\"vc_row wpb_row vc_row-fluid vc_custom_1700221297299 vc_row-has-fill vc_row-o-equal-height vc_row-o-content-middle vc_row-flex\"><div class=\"wpb_column vc_column_container vc_col-sm-6\"><div class=\"vc_column-inner\"><div class=\"wpb_wrapper\">\n\t<div class=\"wpb_text_column wpb_content_element  vc_custom_1700578216957 header-logo\" >\n\t\t<div class=\"wpb_wrapper\">\n\t\t\t<h1><a href=\"\/en\/\"><img loading=\"lazy\" decoding=\"async\" class=\"alignnone size-full wp-image-48\" src=\"https:\/\/zamojszczyzna.warstwypamieci.pl\/wp-content\/uploads\/2023\/10\/zamojszczyzna-mapa.png\" alt=\"\" width=\"53\" height=\"40\" \/>\u00a0Zamosc region<\/a><\/h1>\n<p>Brutality of the German occupier towards the Polish nation<\/p>\n\n\t\t<\/div>\n\t<\/div>\n<\/div><\/div><\/div><div class=\"header-item wpb_column vc_column_container vc_col-sm-3\"><div class=\"vc_column-inner vc_custom_1700218828430\"><div class=\"wpb_wrapper\">\n\t<div  class=\"wpb_single_image wpb_content_element vc_align_right   warstwy\">\n\t\t\n\t\t<figure class=\"wpb_wrapper vc_figure\">\n\t\t\t<a href=\"https:\/\/warstwypamieci.pl\/\" target=\"_self\" class=\"vc_single_image-wrapper   vc_box_border_grey\"><img loading=\"lazy\" decoding=\"async\" width=\"556\" height=\"74\" src=\"https:\/\/zamojszczyzna.warstwypamieci.pl\/wp-content\/uploads\/2023\/12\/Warstwy-Logo_En.png\" class=\"vc_single_image-img attachment-large\" alt=\"\" title=\"Layers of memory\" \/><\/a>\n\t\t<\/figure>\n\t<\/div>\n<\/div><\/div><\/div><div class=\"header-item wpb_column vc_column_container vc_col-sm-1\"><div class=\"vc_column-inner\"><div class=\"wpb_wrapper\">\n\t<div  class=\"wpb_single_image wpb_content_element vc_align_center  vc_custom_1700219599520  reduta\">\n\t\t\n\t\t<figure class=\"wpb_wrapper vc_figure\">\n\t\t\t<a href=\"https:\/\/rdi.org.pl\/\" target=\"_self\" class=\"vc_single_image-wrapper   vc_box_border_grey\"><img loading=\"lazy\" decoding=\"async\" width=\"318\" height=\"318\" src=\"https:\/\/zamojszczyzna.warstwypamieci.pl\/wp-content\/uploads\/2023\/11\/REDUTAlogo-tradycyjneSmall.png\" class=\"vc_single_image-img attachment-full\" alt=\"\" title=\"REDUTAlogo tradycyjneSmall\" srcset=\"https:\/\/zamojszczyzna.warstwypamieci.pl\/wp-content\/uploads\/2023\/11\/REDUTAlogo-tradycyjneSmall.png 318w, https:\/\/zamojszczyzna.warstwypamieci.pl\/wp-content\/uploads\/2023\/11\/REDUTAlogo-tradycyjneSmall-300x300.png 300w, https:\/\/zamojszczyzna.warstwypamieci.pl\/wp-content\/uploads\/2023\/11\/REDUTAlogo-tradycyjneSmall-150x150.png 150w\" sizes=\"auto, (max-width: 318px) 100vw, 318px\" \/><\/a>\n\t\t<\/figure>\n\t<\/div>\n<\/div><\/div><\/div><div class=\"header-donate header-item wpb_column vc_column_container vc_col-sm-2\"><div class=\"vc_column-inner\"><div class=\"wpb_wrapper\">\n\t<div class=\"wpb_text_column wpb_content_element\" >\n\t\t<div class=\"wpb_wrapper\">\n\t\t\t<p style=\"text-align: center;\"><a href=\"https:\/\/rdi.org.pl\/zostan-darczynca\/\">Support the project<\/a><\/p>\n\n\t\t<\/div>\n\t<\/div>\n<\/div><\/div><\/div><\/div><div class=\"vc_row wpb_row vc_row-fluid color-white nav vc_custom_1700222211878 vc_row-has-fill vc_row-o-equal-height vc_row-o-content-middle vc_row-flex\"><div class=\"wpb_column vc_column_container vc_col-sm-2\"><div class=\"vc_column-inner\"><div class=\"wpb_wrapper\">\n\t<div class=\"wpb_text_column wpb_content_element\" >\n\t\t<div class=\"wpb_wrapper\">\n\t\t\t<p style=\"text-align: left;\"><a href=\"\/en\/\">Home Page<\/a><\/p>\n\n\t\t<\/div>\n\t<\/div>\n<\/div><\/div><\/div><div class=\"wpb_column vc_column_container vc_col-sm-2\"><div class=\"vc_column-inner\"><div class=\"wpb_wrapper\">\n\t<div class=\"wpb_text_column wpb_content_element\" >\n\t\t<div class=\"wpb_wrapper\">\n\t\t\t<p style=\"text-align: left;\"><a href=\"https:\/\/zamojszczyzna.warstwypamieci.pl\/en\/ukazanie-rozmiaru-szkod-mieszkancow-zamojszczyzny\/\">Project Description<\/a><\/p>\n\n\t\t<\/div>\n\t<\/div>\n<\/div><\/div><\/div><div class=\"wpb_column vc_column_container vc_col-sm-2\"><div class=\"vc_column-inner\"><div class=\"wpb_wrapper\">\n\t<div class=\"wpb_text_column wpb_content_element  vc_custom_1700489617072 active-nav\" >\n\t\t<div class=\"wpb_wrapper\">\n\t\t\t<p style=\"text-align: left;\"><a href=\"https:\/\/zamojszczyzna.warstwypamieci.pl\/en\/prezentacja-wynikow-badan\/\">Methodology<\/a><\/p>\n\n\t\t<\/div>\n\t<\/div>\n<\/div><\/div><\/div><div class=\"wpb_column vc_column_container vc_col-sm-1\"><div class=\"vc_column-inner\"><div class=\"wpb_wrapper\">\n\t<div class=\"wpb_text_column wpb_content_element\" >\n\t\t<div class=\"wpb_wrapper\">\n\t\t\t<p style=\"text-align: left;\"><a href=\"https:\/\/zamojszczyzna.warstwypamieci.pl\/en\/interaktywne-przegladanie-danych\/\">Visualisation<\/a><\/p>\n\n\t\t<\/div>\n\t<\/div>\n<\/div><\/div><\/div><div class=\"wpb_column vc_column_container vc_col-sm-4\"><div class=\"vc_column-inner\"><div class=\"wpb_wrapper\">\n\t<div class=\"wpb_text_column wpb_content_element\" >\n\t\t<div class=\"wpb_wrapper\">\n\t\t\t<p style=\"text-align: right;\"><a href=\"https:\/\/zamojszczyzna.warstwypamieci.pl\/en\/przegladanie-danych-tabelarycznych\/\">Interactive viewing of data<\/a><\/p>\n\n\t\t<\/div>\n\t<\/div>\n<\/div><\/div><\/div><div class=\"wpb_column vc_column_container vc_col-sm-1\"><div class=\"vc_column-inner\"><div class=\"wpb_wrapper\">\n\t<div class=\"wpb_text_column wpb_content_element  login-logout\" >\n\t\t<div class=\"wpb_wrapper\">\n\t\t\t\n\t\t<\/div>\n\t<\/div>\n<\/div><\/div><\/div><\/div><\/section><section class=\"vc_section vc_custom_1698998140849 vc_section-has-fill\"><div class=\"vc_row wpb_row vc_row-fluid vc_custom_1698998267817\"><div class=\"wpb_column vc_column_container vc_col-sm-12\"><div class=\"vc_column-inner\"><div class=\"wpb_wrapper\">\n\t<div class=\"wpb_text_column wpb_content_element  vc_custom_1700141969745\" >\n\t\t<div class=\"wpb_wrapper\">\n\t\t\t<h2>Presentation of research results - calculation methodology\u00a0<\/h2>\n\n\t\t<\/div>\n\t<\/div>\n<\/div><\/div><\/div><\/div><div class=\"vc_row wpb_row vc_row-fluid vc_custom_1698998118820\"><div class=\"wpb_column vc_column_container vc_col-sm-12\"><div class=\"vc_column-inner\"><div class=\"wpb_wrapper\">\n\t<div class=\"wpb_text_column wpb_content_element  post-content justify-text\" >\n\t\t<div class=\"wpb_wrapper\">\n\t\t\t<div id=\"attachment_823\" style=\"width: 310px\" class=\"wp-caption alignnone float-img img-caption\"><img loading=\"lazy\" decoding=\"async\" aria-describedby=\"caption-attachment-823\" class=\"size-medium wp-image-823\" src=\"https:\/\/zamojszczyzna.warstwypamieci.pl\/wp-content\/uploads\/2023\/11\/88_1178_0_1_48-300x200.jpg\" alt=\"\" width=\"300\" height=\"200\" srcset=\"https:\/\/zamojszczyzna.warstwypamieci.pl\/wp-content\/uploads\/2023\/11\/88_1178_0_1_48-300x200.jpg 300w, https:\/\/zamojszczyzna.warstwypamieci.pl\/wp-content\/uploads\/2023\/11\/88_1178_0_1_48-1024x681.jpg 1024w, https:\/\/zamojszczyzna.warstwypamieci.pl\/wp-content\/uploads\/2023\/11\/88_1178_0_1_48-768x511.jpg 768w, https:\/\/zamojszczyzna.warstwypamieci.pl\/wp-content\/uploads\/2023\/11\/88_1178_0_1_48-1536x1022.jpg 1536w, https:\/\/zamojszczyzna.warstwypamieci.pl\/wp-content\/uploads\/2023\/11\/88_1178_0_1_48-2048x1363.jpg 2048w\" sizes=\"auto, (max-width: 300px) 100vw, 300px\" \/><p id=\"caption-attachment-823\" class=\"wp-caption-text\">The photos come from the resources of the State Archives in Zamosc.<\/p><\/div>\n<!-- wp:paragraph -->\n<p>The project shows the damage caused during the Second World War, and the data obtained shows values from 1939-1945. However, in order to make the data readable and to place them in the contemporary world, we have converted these values into current values to show the true scale of the drama and clear values which can be claimed by Polish citizens whose families, from the Zamo\u015b\u0107 district, suffered harm during that time.&nbsp;&nbsp;<\/p>\n<!-- \/wp:paragraph -->\n\n<!-- wp:paragraph -->\n<p>In this context, we provide you with the methodology, prepared by Professor Miros\u0142aw K\u0142usek, PhD, an employee of the Department of History of Economics at the Faculty of Economics and Sociology of the University of \u0141\u00f3d\u017a, for the valorisation into present values of the individual damage suffered by Polish citizens of the Zamo\u015b\u0107 poviat during the German aggression and occupation during World War II, 1939-1945. At the same time, in the content of the project we present to you, we have already applied calculations and present data, valorised for the year 2023.&nbsp;<\/p>\n<!-- \/wp:paragraph -->\n\n<!-- wp:paragraph -->\n<p>Due to the lack of official official conversion rates from pre-war zloty to current circulation zloty, it was necessary to develop a method of converting the value of wartime losses of Zamo\u015b\u0107 county residents incurred during the German aggression and occupation during World War II 1939-1945, expressed in pre-war (August 1939) zloty into contemporary value. When looking for an answer as to what the real value of these losses is today, we must certainly exclude their nominal value, due to the exchange of money in 1950 in the ratio of 100 old zlotys for 1 new zloty and the denomination carried out in 1995. 1:10 000.&nbsp;&nbsp;<\/p>\n<!-- \/wp:paragraph -->\n\n<!-- wp:paragraph -->\n<p>The first full attempt to valorise the pre-war zloty at its contemporary value was made by Pawe\u0142 Po\u0144sko and Miros\u0142aw K\u0142usek.<sup>1<\/sup>They note \"that determining the relative change in value of an amount of money between two different moments, i.e. between a base year and a reference year, is not a straightforward question. There is no Single 'correct' economic measure of historical value, and economists use different indicators depending on the context of the question, often giving variants of possible valorisations.\".<sup> <\/sup><sup>2<\/sup>.&nbsp;&nbsp;<\/p>\n<!-- \/wp:paragraph -->\n\n<!-- wp:paragraph -->\n<p>The authors proposed several ways to valorise the value of war losses expressed in pre-war gold, based on historical data and publicly available indices showing changes in value over time:&nbsp;<\/p>\n<!-- \/wp:paragraph -->\n\n<!-- wp:list {\"ordered\":true,\"start\":1} -->\n<ol start=\"1\"><!-- wp:list-item -->\n<li><strong>1.\tPrice index adjustment.<\/strong> It answers the question of how much a consumer good would be worth today if it had been purchased for a given amount in 1939 zloty. Here the correct conversion factor would be the Consumer Price Index (CPI). Unfortunately, we have a discontinuity of the Polish currency before and after the Second World War, as the Polish zloty before the war was never correctly valorised into the post-war zloty. The authors have therefore relied here on the US dollar (USD), as the price index for this currency has been known continuously since before the Second World War.<sup> <\/sup>Dollar valorisation involves measuring the historical value by inflation of the US dollar, taking into account the exchange rate of the Polish zloty to the dollar. It is a measure of the change over time of the real purchasing power of the zloty.<sup>3<\/sup>.&nbsp;<\/li>\n<!-- \/wp:list-item --><\/ol>\n<!-- \/wp:list -->\n\n<!-- wp:list {\"ordered\":true,\"start\":2} -->\n<ol start=\"2\"><!-- wp:list-item -->\n<li><strong>Valorisation with gold<\/strong>In this case, the valorisation of war losses, expressed in 1939 gold by means of gold parity, is a valorisation by means of an investment or investment of capital. In simplified terms, it answers the question of what the value of the war loss would be today if gold had been bought for its value in 1939 and retained until today.<sup>4<\/sup>.&nbsp;<\/li>\n<!-- \/wp:list-item --><\/ol>\n<!-- \/wp:list -->\n\n<!-- wp:list {\"ordered\":true,\"start\":3} -->\n<ol start=\"3\"><!-- wp:list-item -->\n<li><strong>Valorisation at the expense of maintenance<\/strong><sup>5<\/sup>It is a valorisation of \"a sum describing the value of consumption in contemporary realities, taking into account the economic cost, i.e. the opportunity cost of consumption\".<sup>6<\/sup>, which takes into account the change in the consumption basket caused by economic growth. In this method, the valorisation of war losses would be measured by the relative cost of services and goods, such as clothing, food, housing, etc., purchased by members of the average household. \"In the context of the valorisation of the pre-war zloty, this method measures the weight of the expenditure of one zloty, relative to the total consumption of the average person in 1939, indicating how many today's zloty have to be spent in order to purchase a similarly important (as in 1939) part of the total consumption available to the average person today.\"<sup> <\/sup><sup>7<\/sup>.&nbsp;&nbsp;<\/li>\n<!-- \/wp:list-item --><\/ol>\n<!-- \/wp:list -->\n\n<!-- wp:list {\"ordered\":true,\"start\":4} -->\n<ol start=\"4\"><!-- wp:list-item -->\n<li><strong>Valorisation of the average salary<\/strong><sup>8<\/sup>\"Wages measure the amount of work put into producing a given positive value, or the time a worker has to spend at work to earn the cost of producing a given product.\"<sup> <\/sup><sup>9<\/sup> This valorisation is based on the average wage in the economy before the outbreak of the Second World War and today, taking into account the passage of time and economic development.&nbsp;&nbsp;<\/li>\n<!-- \/wp:list-item --><\/ol>\n<!-- \/wp:list -->\n\n<!-- wp:list {\"ordered\":true,\"start\":5} -->\n<ol start=\"5\"><!-- wp:list-item -->\n<li><strong>Nominal GDP indexation<\/strong><sup>10<\/sup>The nominal GDP valorisation includes the labour, capital and materials used to produce the lost GDP value. With this method, the value of war losses is measured as a multiple of the average income necessary to purchase the lost assets. Income should be understood as the right of an individual citizen of the Second Republic to a portion of the assets of the Polish economy in 1938. According to the authors, \"Due to the comprehensive nature of war losses, it is GDP that seems to be the most appropriate measure for their valorisation. It allows us to count the economic cost with which the German occupation burdened Poland. In addition, using GDP <em>per capita<\/em>, we convert the assets of the Second Republic per person\"<sup> <\/sup><sup>11<\/sup>.&nbsp;&nbsp;<\/li>\n<!-- \/wp:list-item --><\/ol>\n<!-- \/wp:list -->\n\n<!-- wp:paragraph -->\n<p>Based on the findings of P. Po\u0144sko and M. K\u0142usek, the war loss conversion indices are presented in the table below.&nbsp;<\/p>\n<!-- \/wp:paragraph -->\n\n<!-- wp:paragraph -->\n<p>Table 1 Valorisation indices of war losses.&nbsp;<\/p>\n<!-- \/wp:paragraph -->\n\n<!-- wp:table -->\n<figure class=\"wp-block-table\"><table><tbody><tr><td>Valorization method&nbsp;<\/td><td>Period&nbsp;<\/td><td>Index of valorisation&nbsp;<\/td><\/tr><tr><td>U.S. Dollar&nbsp;<\/td><td>Septemmber 1939-31.12.2021&nbsp;<\/td><td>15,40&nbsp;<\/td><\/tr><tr><td>Gold&nbsp;<\/td><td>Septemmber 1939-31.12.2021&nbsp;<\/td><td>40,05&nbsp;<\/td><\/tr><tr><td>Maintenance costs&nbsp;&nbsp;<\/td><td>1938-2020&nbsp;<\/td><td>39,32&nbsp;<\/td><\/tr><tr><td>Average salary&nbsp;<\/td><td>1938-2021&nbsp;<\/td><td>58,95&nbsp;<\/td><\/tr><tr><td>GDP <em>per capita<\/em>&nbsp;<\/td><td>1938-2021&nbsp;<\/td><td>132,21&nbsp;<\/td><\/tr><tr><td>GDP&nbsp;<\/td><td>1938-2021&nbsp;<\/td><td>144,58&nbsp;<\/td><\/tr><\/tbody><\/table><\/figure>\n<!-- \/wp:table -->\n\n<!-- wp:paragraph -->\n<p>Source: P. Po\u0144sko, M. K\u0142usek, Contemporary value of war losses incurred by Poland as a result of German aggression and occupation during World War II, [in:] Report on losses incurred by Poland as a result of German aggression and occupation during World War II 1939-1945. T. I. Compilation. Special Edition, edited by K. Wn\u0119k, Warsaw 2022, pp. 403-433.&nbsp;<\/p>\n<!-- \/wp:paragraph -->\n\n<!-- wp:paragraph -->\n<p>The most appropriate method of valorising the war losses suffered by the residents of Zamo\u015b\u0107 County is the valorisation of the average wage. This is a method which includes both the cost of living and financial reserves, i.e. savings. As such, it allows for a much more accurate determination of the cost of lost income due to war losses than the cost of living valorisation. In contrast, valorisation with the US dollar should be rejected because the Polish zloty is notoriously undervalued against the US dollar and converting it at the end of 2021 understates the real purchasing power of the zloty. Similarly, the methods of valorisation with gold and nominal GDP should be rejected. As gold is a capital investment, it does not measure the purchasing power of money and thus does not index the purchasing power of pre-war gold against modern gold. Furthermore, it should be borne in mind that gold is often traded on a speculative basis and is readily purchased during recessions, which may mean that the valorisation factor using this method may vary significantly depending on the date of the war loss valorisation.  In contrast, the nominal GDP valorisation method, as mentioned, includes the labour, capital and materials used to produce the lost GDP value. It is therefore far more suitable for valorising total war losses than it is for valorising war losses suffered by Zamojski County residents, which are only a component of nominal GDP.&nbsp;&nbsp;&nbsp;<\/p>\n<!-- \/wp:paragraph -->\n\n<!-- wp:paragraph -->\n<p>The method of valorisation with average wages in the case of the war losses of the residents of the Zamojski district shows us how much working time would currently have to be paid for in order for the wages to be sufficient to reproduce the same value of the war loss suffered. The index of valorisation with the average wage at the end of 2021 is 58.95. When calculating what the value of the war loss is today, the amount of the war loss should be multiplied by the index of 58.95 and then the resulting sum multiplied by the inflation rate in Poland from 1 January 2022 to today. Such calculations have been made and the current values for 2023 presented in the draft. The next recalculation will take place at the beginning of Q2 2024.&nbsp;<\/p>\n<!-- \/wp:paragraph -->\n\n<!-- wp:paragraph -->\n<p>If you have any questions, please feel free to contact the Polish League Against Defamation&nbsp;<\/p>\n<!-- \/wp:paragraph -->\n\n\t\t<\/div>\n\t<\/div>\n<\/div><\/div><\/div><\/div><div class=\"vc_row wpb_row vc_row-fluid\"><div class=\"wpb_column vc_column_container vc_col-sm-12\"><div class=\"vc_column-inner\"><div class=\"wpb_wrapper\">\n\t<div class=\"wpb_text_column wpb_content_element\" >\n\t\t<div class=\"wpb_wrapper\">\n\t\t\t<p>Read more:<\/p>\n<p>&nbsp;<\/p>\n\n\t\t<\/div>\n\t<\/div>\n\n\t<div class=\"wpb_text_column wpb_content_element  vc_custom_1700491592685 color-blue\" >\n\t\t<div class=\"wpb_wrapper\">\n\t\t\t<p style=\"text-align: left;\"><strong><a href=\"https:\/\/zamojszczyzna.warstwypamieci.pl\/en\/zamojszczyzna-niespokojna-kraina\/\">Zamojszczyzna - a restless land<\/a><\/strong><\/p>\n<p>&nbsp;<\/p>\n<p><strong><a href=\"https:\/\/zamojszczyzna.warstwypamieci.pl\/en\/wybuch-wojny\/\">Outbreak of war<\/a><\/strong><\/p>\n<p>&nbsp;<\/p>\n<p><strong><a href=\"https:\/\/zamojszczyzna.warstwypamieci.pl\/en\/generalny-plan-wschodni\/\">General Plan East<\/a><\/strong><\/p>\n<p>&nbsp;<\/p>\n<p><strong><a href=\"https:\/\/zamojszczyzna.warstwypamieci.pl\/en\/aktion-zamosc\/\">\u201eAktion Zamosc\u201d<\/a><\/strong><\/p>\n<p>&nbsp;<\/p>\n<p><strong><a href=\"https:\/\/zamojszczyzna.warstwypamieci.pl\/en\/powstanie-zamojskie\/\">The Zamosc Uprising<\/a><\/strong><\/p>\n<p>&nbsp;<\/p>\n<p><strong><a href=\"https:\/\/zamojszczyzna.warstwypamieci.pl\/en\/dzieci-zamojszczyzny\/\">Children of Zamojszczyzna<\/a><\/strong><\/p>\n<p>&nbsp;<\/p>\n\n\t\t<\/div>\n\t<\/div>\n<\/div><\/div><\/div><\/div><\/section><section class=\"vc_section header-footer-section footer vc_custom_1700659074831 vc_section-has-fill\"><div class=\"vc_row wpb_row vc_row-fluid vc_custom_1698921329725 vc_row-o-content-top vc_row-flex\"><div class=\"color-white wpb_column vc_column_container vc_col-sm-6\"><div class=\"vc_column-inner\"><div class=\"wpb_wrapper\">\n\t<div class=\"wpb_text_column wpb_content_element  vc_custom_1700659137882 header-logo footer-logo\" >\n\t\t<div class=\"wpb_wrapper\">\n\t\t\t<h1><a href=\"\/en\/\"><img loading=\"lazy\" decoding=\"async\" class=\"alignnone size-full wp-image-48\" src=\"https:\/\/zamojszczyzna.warstwypamieci.pl\/wp-content\/uploads\/2023\/10\/zamojszczyzna-mapa.png\" alt=\"\" width=\"53\" height=\"40\" \/>\u00a0Zamosc region<\/a><\/h1>\n<p>Brutality of the German occupier towards the Polish nation<\/p>\n\n\t\t<\/div>\n\t<\/div>\n<\/div><\/div><\/div><div class=\"wpb_column vc_column_container vc_col-sm-1\"><div class=\"vc_column-inner\"><div class=\"wpb_wrapper\"><\/div><\/div><\/div><div class=\"wpb_column vc_column_container vc_col-sm-5\"><div class=\"vc_column-inner vc_custom_1700220050809\"><div class=\"wpb_wrapper\">\n\t<div class=\"wpb_text_column wpb_content_element  vc_custom_1700658906875\" >\n\t\t<div class=\"wpb_wrapper\">\n\t\t\t<p style=\"text-align: center;\">Project financed from the state budget under the program of the \nMinistry of Education and Science called \"Science for Society\"<br \/>\nproject number NdS\/545251\/2022\/2022<\/p>\n\n\t\t<\/div>\n\t<\/div>\n\n\t<div  class=\"wpb_single_image wpb_content_element vc_align_center   logo-reduta-footer\">\n\t\t\n\t\t<figure class=\"wpb_wrapper vc_figure\">\n\t\t\t<a href=\"https:\/\/www.gov.pl\/web\/edukacja-i-nauka\" target=\"_self\" class=\"vc_single_image-wrapper   vc_box_border_grey\"><img loading=\"lazy\" decoding=\"async\" width=\"216\" height=\"87\" src=\"https:\/\/zamojszczyzna.warstwypamieci.pl\/wp-content\/uploads\/2023\/12\/01_znak_podstawowy_kolor_biale_tlo_ang_male_2.png\" class=\"vc_single_image-img attachment-full\" alt=\"\" title=\"ministerstwo-edukacji\" \/><\/a>\n\t\t<\/figure>\n\t<\/div>\n<\/div><\/div><\/div><\/div><div class=\"vc_row wpb_row vc_row-fluid vc_row-o-content-bottom vc_row-flex\"><div class=\"color-white wpb_column vc_column_container vc_col-sm-1\"><div class=\"vc_column-inner\"><div class=\"wpb_wrapper\"><\/div><\/div><\/div><div class=\"color-white wpb_column vc_column_container vc_col-sm-6\"><div class=\"vc_column-inner\"><div class=\"wpb_wrapper\">\n\t<div class=\"wpb_text_column wpb_content_element  vc_custom_1702984539194\" >\n\t\t<div class=\"wpb_wrapper\">\n\t\t\t<p><a target=\"_blank\" href=\"https:\/\/play.google.com\/store\/apps\/details?id=io.cordova.zamojszczyzna\" rel=\"noopener\">Mobile App<\/a><\/p>\n<p>&nbsp;<\/p>\n<p><a href=\"https:\/\/rdi.org.pl\/kontakt\/\">Contact<\/a><\/p>\n<p>&nbsp;<\/p>\n<p><a class=\"popmake-1018\">Ask a question<\/a><\/p>\n<p>&nbsp;<\/p>\n<p><a href=\"https:\/\/rdi.org.pl\/zostan-darczynca\/\">Support us<\/a><\/p>\n<p>&nbsp;<\/p>\n<p><a href=\"https:\/\/zamojszczyzna.warstwypamieci.pl\/en\/informacje-prawne\/\">Legal information<\/a><\/p>\n\n\t\t<\/div>\n\t<\/div>\n<\/div><\/div><\/div><div class=\"wpb_column vc_column_container vc_col-sm-5\"><div class=\"vc_column-inner\"><div class=\"wpb_wrapper\">\n\t<div class=\"wpb_text_column wpb_content_element  vc_custom_1699351568407\" >\n\t\t<div class=\"wpb_wrapper\">\n\t\t\t<p style=\"text-align: center;\">Polish individual reparations from the German state for crimes undertaken by the Germans<\/p>\n\n\t\t<\/div>\n\t<\/div>\n\n\t<div  class=\"wpb_single_image wpb_content_element vc_align_center  vc_custom_1700221895920  logo-reduta-footer\">\n\t\t\n\t\t<figure class=\"wpb_wrapper vc_figure\">\n\t\t\t<a href=\"https:\/\/rdi.org.pl\/\" target=\"_self\" class=\"vc_single_image-wrapper   vc_box_border_grey\"><img loading=\"lazy\" decoding=\"async\" width=\"150\" height=\"150\" src=\"https:\/\/zamojszczyzna.warstwypamieci.pl\/wp-content\/uploads\/2023\/11\/REDUTAlogo-tradycyjneSmall-150x150.png\" class=\"vc_single_image-img attachment-thumbnail\" alt=\"\" title=\"REDUTAlogo tradycyjneSmall\" srcset=\"https:\/\/zamojszczyzna.warstwypamieci.pl\/wp-content\/uploads\/2023\/11\/REDUTAlogo-tradycyjneSmall-150x150.png 150w, https:\/\/zamojszczyzna.warstwypamieci.pl\/wp-content\/uploads\/2023\/11\/REDUTAlogo-tradycyjneSmall-300x300.png 300w, https:\/\/zamojszczyzna.warstwypamieci.pl\/wp-content\/uploads\/2023\/11\/REDUTAlogo-tradycyjneSmall.png 318w\" sizes=\"auto, (max-width: 150px) 100vw, 150px\" \/><\/a>\n\t\t<\/figure>\n\t<\/div>\n<\/div><\/div><\/div><\/div><\/section>\n<\/section>","protected":false},"excerpt":{"rendered":"\u00a0Zamojszczyzna Brutalno\u015b\u0107 niemieckiego okupanta wobec Narodu Polskiego Wesprzyj projekt\u00a0 \u00a0 \u00a0 + Strona g\u0142\u00f3wna Opis Projektu Metodologia Wizualizacja Interaktywne przegl\u0105danie danych Prezentacja wynik\u00f3w bada\u0144\u00a0 &#8211; metodologia wylicze\u0144\u00a0 Zdj\u0119cie pochodzi z zasob\u00f3w Archiwum Pa\u0144stwowego w Zamo\u015bciu. Projekt ukazuje szkody powsta\u0142e w okresie drugiej wojny \u015bwiatowej, a pozyskane dane wykazuj\u0105 warto\u015bci z lat 1939-1945. Celem jednak czytelno\u015bci [...]","protected":false},"author":2,"featured_media":0,"parent":0,"menu_order":0,"comment_status":"closed","ping_status":"closed","template":"","meta":{"footnotes":""},"class_list":["post-180","page","type-page","status-publish","hentry"],"_links":{"self":[{"href":"https:\/\/zamojszczyzna.warstwypamieci.pl\/en\/wp-json\/wp\/v2\/pages\/180","targetHints":{"allow":["GET"]}}],"collection":[{"href":"https:\/\/zamojszczyzna.warstwypamieci.pl\/en\/wp-json\/wp\/v2\/pages"}],"about":[{"href":"https:\/\/zamojszczyzna.warstwypamieci.pl\/en\/wp-json\/wp\/v2\/types\/page"}],"author":[{"embeddable":true,"href":"https:\/\/zamojszczyzna.warstwypamieci.pl\/en\/wp-json\/wp\/v2\/users\/2"}],"replies":[{"embeddable":true,"href":"https:\/\/zamojszczyzna.warstwypamieci.pl\/en\/wp-json\/wp\/v2\/comments?post=180"}],"version-history":[{"count":59,"href":"https:\/\/zamojszczyzna.warstwypamieci.pl\/en\/wp-json\/wp\/v2\/pages\/180\/revisions"}],"predecessor-version":[{"id":1115,"href":"https:\/\/zamojszczyzna.warstwypamieci.pl\/en\/wp-json\/wp\/v2\/pages\/180\/revisions\/1115"}],"wp:attachment":[{"href":"https:\/\/zamojszczyzna.warstwypamieci.pl\/en\/wp-json\/wp\/v2\/media?parent=180"}],"curies":[{"name":"wp","href":"https:\/\/api.w.org\/{rel}","templated":true}]}}